{"id":1670,"date":"2023-01-10T00:24:55","date_gmt":"2023-01-09T21:24:55","guid":{"rendered":"https:\/\/karacabutton.com\/iletisim\/"},"modified":"2025-10-30T12:40:08","modified_gmt":"2025-10-30T09:40:08","slug":"contact-us","status":"publish","type":"page","link":"https:\/\/karacabutton.com\/en\/contact-us\/","title":{"rendered":"Contact Us"},"content":{"rendered":"<section class=\"wpb-content-wrapper\"><p>[vc_row content_placement=&#8221;middle&#8221; css=&#8221;.vc_custom_1672916678885{padding-top: 0px !important;padding-bottom: 60px !important;}&#8221; el_class=&#8221;iletisimrow&#8221;][vc_column width=&#8221;5\/12&#8243; css=&#8221;.vc_custom_1677512881464{padding-top: 60px !important;padding-right: 30px !important;padding-bottom: 60px !important;padding-left: 30px !important;background-color: #ecf4ff !important;}&#8221; el_class=&#8221;contactbox&#8221;][vc_row_inner el_class=&#8221;contactleft&#8221;][vc_column_inner][vc_icon icon_fontawesome=&#8221;fas fa-headset&#8221; color=&#8221;custom&#8221; size=&#8221;lg&#8221; custom_color=&#8221;#3055e8&#8243;][vc_custom_heading text=&#8221;Karaca Konf. Aks. Ltd. \u015eti.&#8221; use_theme_fonts=&#8221;yes&#8221;][vc_column_text]Maltepe Mh. Y\u0131ld\u0131z Sk.<br \/>\n\u0130leri San. Sitesi No: 2\/ 28<br \/>\nZeytinburnu \u2013 Istanbul\/ Turkiye<\/p>\n<p>Telefon: <a href=\"tel:+902124822809\">+ 90 212 482 28 09<\/a><br \/>\nTelefon 2: <a href=\"tel:+902124822810\">+90 212 482 28 14<\/a><br \/>\nFax: + 90 212 482 69 44<br \/>\nE-mail: <a href=\"mailto:karaca@karacabutton.com\">karaca@karacabutton.com<\/a>[\/vc_column_text][\/vc_column_inner][\/vc_row_inner][\/vc_column][vc_column width=&#8221;7\/12&#8243;][vc_row_inner el_class=&#8221;contactform&#8221;][vc_column_inner][vc_custom_heading text=&#8221;Contact Form&#8221; use_theme_fonts=&#8221;yes&#8221; el_class=&#8221;formtitle&#8221;]<script type=\"text\/javascript\">var gform;gform||(document.addEventListener(\"gform_main_scripts_loaded\",function(){gform.scriptsLoaded=!0}),window.addEventListener(\"DOMContentLoaded\",function(){gform.domLoaded=!0}),gform={domLoaded:!1,scriptsLoaded:!1,initializeOnLoaded:function(o){gform.domLoaded&&gform.scriptsLoaded?o():!gform.domLoaded&&gform.scriptsLoaded?window.addEventListener(\"DOMContentLoaded\",o):document.addEventListener(\"gform_main_scripts_loaded\",o)},hooks:{action:{},filter:{}},addAction:function(o,n,r,t){gform.addHook(\"action\",o,n,r,t)},addFilter:function(o,n,r,t){gform.addHook(\"filter\",o,n,r,t)},doAction:function(o){gform.doHook(\"action\",o,arguments)},applyFilters:function(o){return gform.doHook(\"filter\",o,arguments)},removeAction:function(o,n){gform.removeHook(\"action\",o,n)},removeFilter:function(o,n,r){gform.removeHook(\"filter\",o,n,r)},addHook:function(o,n,r,t,i){null==gform.hooks[o][n]&&(gform.hooks[o][n]=[]);var e=gform.hooks[o][n];null==i&&(i=n+\"_\"+e.length),gform.hooks[o][n].push({tag:i,callable:r,priority:t=null==t?10:t})},doHook:function(n,o,r){var t;if(r=Array.prototype.slice.call(r,1),null!=gform.hooks[n][o]&&((o=gform.hooks[n][o]).sort(function(o,n){return o.priority-n.priority}),o.forEach(function(o){\"function\"!=typeof(t=o.callable)&&(t=window[t]),\"action\"==n?t.apply(null,r):r[0]=t.apply(null,r)})),\"filter\"==n)return r[0]},removeHook:function(o,n,t,i){var r;null!=gform.hooks[o][n]&&(r=(r=gform.hooks[o][n]).filter(function(o,n,r){return!!(null!=i&&i!=o.tag||null!=t&&t!=o.priority)}),gform.hooks[o][n]=r)}});<\/script>\n                <div class='gf_browser_gecko gform_wrapper gravity-theme' id='gform_wrapper_3' ><form method='post' enctype='multipart\/form-data'  id='gform_3'  action='\/en\/wp-json\/wp\/v2\/pages\/1670' >\n                        <div class='gform_body gform-body'><div id='gform_fields_3' class='gform_fields top_label form_sublabel_below description_below'><fieldset id=\"field_3_1\"  class=\"gfield field_sublabel_hidden_label field_description_below hidden_label gfield_visibility_visible\"  data-js-reload=\"field_3_1\"><legend class='gfield_label gfield_label_before_complex'  >Ad Soyad<\/legend><div class='ginput_complex ginput_container no_prefix has_first_name no_middle_name has_last_name no_suffix gf_name_has_2 ginput_container_name' id='input_3_1'>\n                            \n                            <span id='input_3_1_3_container' class='name_first' >\n                                                    <input type='text' name='input_1.3' id='input_3_1_3' value=''   aria-required='false'   placeholder='Name'  \/>\n                                                    <label for='input_3_1_3' class='hidden_sub_label screen-reader-text'>First<\/label>\n                                                <\/span>\n                            \n                            <span id='input_3_1_6_container' class='name_last' >\n                                                    <input type='text' name='input_1.6' id='input_3_1_6' value=''   aria-required='false'   placeholder='Surname'  \/>\n                                                    <label for='input_3_1_6' class='hidden_sub_label screen-reader-text'>Last<\/label>\n                                                <\/span>\n                            \n                        <\/div><\/fieldset><div id=\"field_3_3\"  class=\"gfield gfield--width-full field_sublabel_below field_description_below hidden_label gfield_visibility_visible\"  data-js-reload=\"field_3_3\"><label class='gfield_label' for='input_3_3' >Email<\/label><div class='ginput_container ginput_container_email'>\n                            <input name='input_3' id='input_3_3' type='text' value='' class='large'   placeholder='E-mail'  aria-invalid=\"false\"  \/>\n                        <\/div><\/div><div id=\"field_3_4\"  class=\"gfield gfield--width-full field_sublabel_below field_description_below hidden_label gfield_visibility_visible\"  data-js-reload=\"field_3_4\"><label class='gfield_label' for='input_3_4' >Konu<\/label><div class='ginput_container ginput_container_text'><input name='input_4' id='input_3_4' type='text' value='' class='large'    placeholder='Subject'  aria-invalid=\"false\"   \/> <\/div><\/div><div id=\"field_3_5\"  class=\"gfield gfield--width-full field_sublabel_below field_description_below hidden_label gfield_visibility_visible\"  data-js-reload=\"field_3_5\"><label class='gfield_label' for='input_3_5' >Mesaj<\/label><div class='ginput_container ginput_container_textarea'><textarea name='input_5' id='input_3_5' class='textarea small'    placeholder='Message'  aria-invalid=\"false\"   rows='10' cols='50'><\/textarea><\/div><\/div><\/div><\/div>\n        <div class='gform_footer top_label'> <input type='submit' id='gform_submit_button_3' class='gform_button button' value='Send'  onclick='if(window[\"gf_submitting_3\"]){return false;}  window[\"gf_submitting_3\"]=true;  ' onkeypress='if( event.keyCode == 13 ){ if(window[\"gf_submitting_3\"]){return false;} window[\"gf_submitting_3\"]=true;  jQuery(\"#gform_3\").trigger(\"submit\",[true]); }' \/> \n            <input type='hidden' class='gform_hidden' name='is_submit_3' value='1' \/>\n            <input type='hidden' class='gform_hidden' name='gform_submit' value='3' \/>\n            \n            <input type='hidden' class='gform_hidden' name='gform_unique_id' value='' \/>\n            <input type='hidden' class='gform_hidden' name='state_3' value='WyJbXSIsIjZjMmE4NWQzNzFkOGVmYmJjOTBmN2IzYzI1NDZkNzVjIl0=' \/>\n            <input type='hidden' class='gform_hidden' name='gform_target_page_number_3' id='gform_target_page_number_3' value='0' \/>\n            <input type='hidden' class='gform_hidden' name='gform_source_page_number_3' id='gform_source_page_number_3' value='1' \/>\n            <input type='hidden' name='gform_field_values' value='' \/>\n            \n        <\/div>\n                        <\/form>\n                        <\/div>[\/vc_column_inner][\/vc_row_inner][\/vc_column][\/vc_row][vc_row css=&#8221;.vc_custom_1666088005491{margin-bottom: 50px !important;}&#8221;][vc_column][vc_gmaps link=&#8221;#E-8_JTNDaWZyYW1lJTIwc3JjJTNEJTIyaHR0cHMlM0ElMkYlMkZ3d3cuZ29vZ2xlLmNvbSUyRm1hcHMlMkZlbWJlZCUzRnBiJTNEJTIxMW0xNCUyMTFtOCUyMTFtMyUyMTFkNzUyLjUzODE5ODY1NjU0NjMlMjEyZDI4LjkwNzQ5JTIxM2Q0MS4wMjE5MTMlMjEzbTIlMjExaTEwMjQlMjEyaTc2OCUyMTRmMTMuMSUyMTNtMyUyMTFtMiUyMTFzMHgxNGI1NWRiNzliM2FmZjJkJTI1M0EweGMwMWE5ZmUyZTRmMDE1NDIlMjEyc0thcmFjYSUyNTIwS29uZi4lMjUyMEFrcy4lMjUyMFNhbi4lMjUyMHZlJTI1MjBUaWMuJTI1MjBMdGQuJTI1MjAlMjVDNSUyNTlFdGkuJTI1MjAtJTI1MjBLYXJhY2ElMjUyMEJ1dHRvbiUyNTIwJTI1MkYlMjUyMFllbGtlbiUyNTIwS2FuY2ElMjE1ZTAlMjEzbTIlMjExc3RyJTIxMnN0ciUyMTR2MTY3NzUxMjgzOTA1OSUyMTVtMiUyMTFzdHIlMjEyc3RyJTIyJTIwd2lkdGglM0QlMjI2MDAlMjIlMjBoZWlnaHQlM0QlMjI0NTAlMjIlMjBzdHlsZSUzRCUyMmJvcmRlciUzQTAlM0IlMjIlMjBhbGxvd2Z1bGxzY3JlZW4lM0QlMjIlMjIlMjBsb2FkaW5nJTNEJTIybGF6eSUyMiUyMHJlZmVycmVycG9saWN5JTNEJTIybm8tcmVmZXJyZXItd2hlbi1kb3duZ3JhZGUlMjIlM0UlM0MlMkZpZnJhbWUlM0U=&#8221;][\/vc_column][\/vc_row]<\/p>\n<\/section>","protected":false},"excerpt":{"rendered":"<p>[vc_row content_placement=&#8221;middle&#8221; css=&#8221;.vc_custom_1672916678885{padding-top: 0px !important;padding-bottom: 60px !important;}&#8221; el_class=&#8221;iletisimrow&#8221;][vc_column width=&#8221;5\/12&#8243; css=&#8221;.vc_custom_1677512881464{padding-top: 60px !important;padding-right: 30px !important;padding-bottom: 60px !important;padding-left: 30px !important;background-color: #ecf4ff !important;}&#8221; el_class=&#8221;contactbox&#8221;][vc_row_inner el_class=&#8221;contactleft&#8221;][vc_column_inner][vc_icon icon_fontawesome=&#8221;fas fa-headset&#8221; color=&#8221;custom&#8221; size=&#8221;lg&#8221; custom_color=&#8221;#3055e8&#8243;][vc_custom_heading text=&#8221;Karaca Konf. Aks. Ltd. \u015eti.&#8221; use_theme_fonts=&#8221;yes&#8221;][vc_column_text]Maltepe Mh. Y\u0131ld\u0131z Sk. \u0130leri San. Sitesi No: 2\/ 28 Zeytinburnu \u2013 Istanbul\/ Turkiye Telefon: + 90 212 482 28 09 Telefon 2: +90 212 482 28 14 Fax: + 90 212 482 69 44 E-mail: karaca@karacabutton.com[\/vc_column_text][\/vc_column_inner][\/vc_row_inner][\/vc_column][vc_column width=&#8221;7\/12&#8243;][vc_row_inner el_class=&#8221;contactform&#8221;][vc_column_inner][vc_custom_heading text=&#8221;Contact Form&#8221; use_theme_fonts=&#8221;yes&#8221; el_class=&#8221;formtitle&#8221;][\/vc_column_inner][\/vc_row_inner][\/vc_column][\/vc_row][vc_row css=&#8221;.vc_custom_1666088005491{margin-bottom: 50px !important;}&#8221;][vc_column][vc_gmaps link=&#8221;#E-8_JTNDaWZyYW1lJTIwc3JjJTNEJTIyaHR0cHMlM0ElMkYlMkZ3d3cuZ29vZ2xlLmNvbSUyRm1hcHMlMkZlbWJlZCUzRnBiJTNEJTIxMW0xNCUyMTFtOCUyMTFtMyUyMTFkNzUyLjUzODE5ODY1NjU0NjMlMjEyZDI4LjkwNzQ5JTIxM2Q0MS4wMjE5MTMlMjEzbTIlMjExaTEwMjQlMjEyaTc2OCUyMTRmMTMuMSUyMTNtMyUyMTFtMiUyMTFzMHgxNGI1NWRiNzliM2FmZjJkJTI1M0EweGMwMWE5ZmUyZTRmMDE1NDIlMjEyc0thcmFjYSUyNTIwS29uZi4lMjUyMEFrcy4lMjUyMFNhbi4lMjUyMHZlJTI1MjBUaWMuJTI1MjBMdGQuJTI1MjAlMjVDNSUyNTlFdGkuJTI1MjAtJTI1MjBLYXJhY2ElMjUyMEJ1dHRvbiUyNTIwJTI1MkYlMjUyMFllbGtlbiUyNTIwS2FuY2ElMjE1ZTAlMjEzbTIlMjExc3RyJTIxMnN0ciUyMTR2MTY3NzUxMjgzOTA1OSUyMTVtMiUyMTFzdHIlMjEyc3RyJTIyJTIwd2lkdGglM0QlMjI2MDAlMjIlMjBoZWlnaHQlM0QlMjI0NTAlMjIlMjBzdHlsZSUzRCUyMmJvcmRlciUzQTAlM0IlMjIlMjBhbGxvd2Z1bGxzY3JlZW4lM0QlMjIlMjIlMjBsb2FkaW5nJTNEJTIybGF6eSUyMiUyMHJlZmVycmVycG9saWN5JTNEJTIybm8tcmVmZXJyZXItd2hlbi1kb3duZ3JhZGUlMjIlM0UlM0MlMkZpZnJhbWUlM0U=&#8221;][\/vc_column][\/vc_row]<\/p>\n","protected":false},"author":1,"featured_media":0,"parent":0,"menu_order":0,"comment_status":"closed","ping_status":"closed","template":"","meta":{"footnotes":""},"class_list":["post-1670","page","type-page","status-publish","hentry"],"yoast_head":"<!-- This site is optimized with the Yoast SEO plugin v23.5 - https:\/\/yoast.com\/wordpress\/plugins\/seo\/ -->\n<title>Contact Us - Karaca Button<\/title>\n<meta name=\"robots\" content=\"index, follow, max-snippet:-1, max-image-preview:large, max-video-preview:-1\" \/>\n<link rel=\"canonical\" href=\"https:\/\/karacabutton.com\/en\/contact-us\/\" \/>\n<meta property=\"og:locale\" content=\"en_US\" \/>\n<meta property=\"og:type\" content=\"article\" \/>\n<meta property=\"og:title\" content=\"Contact Us - Karaca Button\" \/>\n<meta property=\"og:description\" content=\"[vc_row content_placement=&#8221;middle&#8221; css=&#8221;.vc_custom_1672916678885{padding-top: 0px !important;padding-bottom: 60px !important;}&#8221; el_class=&#8221;iletisimrow&#8221;][vc_column width=&#8221;5\/12&#8243; css=&#8221;.vc_custom_1677512881464{padding-top: 60px !important;padding-right: 30px !important;padding-bottom: 60px !important;padding-left: 30px !important;background-color: #ecf4ff !important;}&#8221; el_class=&#8221;contactbox&#8221;][vc_row_inner el_class=&#8221;contactleft&#8221;][vc_column_inner][vc_icon icon_fontawesome=&#8221;fas fa-headset&#8221; color=&#8221;custom&#8221; size=&#8221;lg&#8221; custom_color=&#8221;#3055e8&#8243;][vc_custom_heading text=&#8221;Karaca Konf. Aks. Ltd. \u015eti.&#8221; use_theme_fonts=&#8221;yes&#8221;][vc_column_text]Maltepe Mh. Y\u0131ld\u0131z Sk. \u0130leri San. Sitesi No: 2\/ 28 Zeytinburnu \u2013 Istanbul\/ Turkiye Telefon: + 90 212 482 28 09 Telefon 2: +90 212 482 28 14 Fax: + 90 212 482 69 44 E-mail: karaca@karacabutton.com[\/vc_column_text][\/vc_column_inner][\/vc_row_inner][\/vc_column][vc_column width=&#8221;7\/12&#8243;][vc_row_inner el_class=&#8221;contactform&#8221;][vc_column_inner][vc_custom_heading text=&#8221;Contact Form&#8221; use_theme_fonts=&#8221;yes&#8221; el_class=&#8221;formtitle&#8221;][\/vc_column_inner][\/vc_row_inner][\/vc_column][\/vc_row][vc_row css=&#8221;.vc_custom_1666088005491{margin-bottom: 50px !important;}&#8221;][vc_column][vc_gmaps link=&#8221;#E-8_JTNDaWZyYW1lJTIwc3JjJTNEJTIyaHR0cHMlM0ElMkYlMkZ3d3cuZ29vZ2xlLmNvbSUyRm1hcHMlMkZlbWJlZCUzRnBiJTNEJTIxMW0xNCUyMTFtOCUyMTFtMyUyMTFkNzUyLjUzODE5ODY1NjU0NjMlMjEyZDI4LjkwNzQ5JTIxM2Q0MS4wMjE5MTMlMjEzbTIlMjExaTEwMjQlMjEyaTc2OCUyMTRmMTMuMSUyMTNtMyUyMTFtMiUyMTFzMHgxNGI1NWRiNzliM2FmZjJkJTI1M0EweGMwMWE5ZmUyZTRmMDE1NDIlMjEyc0thcmFjYSUyNTIwS29uZi4lMjUyMEFrcy4lMjUyMFNhbi4lMjUyMHZlJTI1MjBUaWMuJTI1MjBMdGQuJTI1MjAlMjVDNSUyNTlFdGkuJTI1MjAtJTI1MjBLYXJhY2ElMjUyMEJ1dHRvbiUyNTIwJTI1MkYlMjUyMFllbGtlbiUyNTIwS2FuY2ElMjE1ZTAlMjEzbTIlMjExc3RyJTIxMnN0ciUyMTR2MTY3NzUxMjgzOTA1OSUyMTVtMiUyMTFzdHIlMjEyc3RyJTIyJTIwd2lkdGglM0QlMjI2MDAlMjIlMjBoZWlnaHQlM0QlMjI0NTAlMjIlMjBzdHlsZSUzRCUyMmJvcmRlciUzQTAlM0IlMjIlMjBhbGxvd2Z1bGxzY3JlZW4lM0QlMjIlMjIlMjBsb2FkaW5nJTNEJTIybGF6eSUyMiUyMHJlZmVycmVycG9saWN5JTNEJTIybm8tcmVmZXJyZXItd2hlbi1kb3duZ3JhZGUlMjIlM0UlM0MlMkZpZnJhbWUlM0U=&#8221;][\/vc_column][\/vc_row]\" \/>\n<meta property=\"og:url\" content=\"https:\/\/karacabutton.com\/en\/contact-us\/\" \/>\n<meta property=\"og:site_name\" content=\"Karaca Button\" \/>\n<meta property=\"article:modified_time\" content=\"2025-10-30T09:40:08+00:00\" \/>\n<meta name=\"twitter:card\" content=\"summary_large_image\" \/>\n<meta name=\"twitter:label1\" content=\"Est. reading time\" \/>\n\t<meta name=\"twitter:data1\" content=\"1 minute\" \/>\n<script type=\"application\/ld+json\" class=\"yoast-schema-graph\">{\"@context\":\"https:\/\/schema.org\",\"@graph\":[{\"@type\":\"WebPage\",\"@id\":\"https:\/\/karacabutton.com\/en\/contact-us\/\",\"url\":\"https:\/\/karacabutton.com\/en\/contact-us\/\",\"name\":\"Contact Us - Karaca Button\",\"isPartOf\":{\"@id\":\"https:\/\/karacabutton.com\/#website\"},\"datePublished\":\"2023-01-09T21:24:55+00:00\",\"dateModified\":\"2025-10-30T09:40:08+00:00\",\"breadcrumb\":{\"@id\":\"https:\/\/karacabutton.com\/en\/contact-us\/#breadcrumb\"},\"inLanguage\":\"en-US\",\"potentialAction\":[{\"@type\":\"ReadAction\",\"target\":[\"https:\/\/karacabutton.com\/en\/contact-us\/\"]}]},{\"@type\":\"BreadcrumbList\",\"@id\":\"https:\/\/karacabutton.com\/en\/contact-us\/#breadcrumb\",\"itemListElement\":[{\"@type\":\"ListItem\",\"position\":1,\"name\":\"Anasayfa\",\"item\":\"https:\/\/karacabutton.com\/en\/\"},{\"@type\":\"ListItem\",\"position\":2,\"name\":\"Contact Us\"}]},{\"@type\":\"WebSite\",\"@id\":\"https:\/\/karacabutton.com\/#website\",\"url\":\"https:\/\/karacabutton.com\/\",\"name\":\"Karaca Button\",\"description\":\"Unifying Solutions\",\"potentialAction\":[{\"@type\":\"SearchAction\",\"target\":{\"@type\":\"EntryPoint\",\"urlTemplate\":\"https:\/\/karacabutton.com\/?s={search_term_string}\"},\"query-input\":{\"@type\":\"PropertyValueSpecification\",\"valueRequired\":true,\"valueName\":\"search_term_string\"}}],\"inLanguage\":\"en-US\"}]}<\/script>\n<!-- \/ Yoast SEO plugin. -->","yoast_head_json":{"title":"Contact Us - Karaca Button","robots":{"index":"index","follow":"follow","max-snippet":"max-snippet:-1","max-image-preview":"max-image-preview:large","max-video-preview":"max-video-preview:-1"},"canonical":"https:\/\/karacabutton.com\/en\/contact-us\/","og_locale":"en_US","og_type":"article","og_title":"Contact Us - Karaca Button","og_description":"[vc_row content_placement=&#8221;middle&#8221; css=&#8221;.vc_custom_1672916678885{padding-top: 0px !important;padding-bottom: 60px !important;}&#8221; el_class=&#8221;iletisimrow&#8221;][vc_column width=&#8221;5\/12&#8243; css=&#8221;.vc_custom_1677512881464{padding-top: 60px !important;padding-right: 30px !important;padding-bottom: 60px !important;padding-left: 30px !important;background-color: #ecf4ff !important;}&#8221; el_class=&#8221;contactbox&#8221;][vc_row_inner el_class=&#8221;contactleft&#8221;][vc_column_inner][vc_icon icon_fontawesome=&#8221;fas fa-headset&#8221; color=&#8221;custom&#8221; size=&#8221;lg&#8221; custom_color=&#8221;#3055e8&#8243;][vc_custom_heading text=&#8221;Karaca Konf. Aks. Ltd. \u015eti.&#8221; use_theme_fonts=&#8221;yes&#8221;][vc_column_text]Maltepe Mh. Y\u0131ld\u0131z Sk. \u0130leri San. Sitesi No: 2\/ 28 Zeytinburnu \u2013 Istanbul\/ Turkiye Telefon: + 90 212 482 28 09 Telefon 2: +90 212 482 28 14 Fax: + 90 212 482 69 44 E-mail: karaca@karacabutton.com[\/vc_column_text][\/vc_column_inner][\/vc_row_inner][\/vc_column][vc_column width=&#8221;7\/12&#8243;][vc_row_inner el_class=&#8221;contactform&#8221;][vc_column_inner][vc_custom_heading text=&#8221;Contact Form&#8221; use_theme_fonts=&#8221;yes&#8221; el_class=&#8221;formtitle&#8221;][\/vc_column_inner][\/vc_row_inner][\/vc_column][\/vc_row][vc_row css=&#8221;.vc_custom_1666088005491{margin-bottom: 50px !important;}&#8221;][vc_column][vc_gmaps link=&#8221;#E-8_JTNDaWZyYW1lJTIwc3JjJTNEJTIyaHR0cHMlM0ElMkYlMkZ3d3cuZ29vZ2xlLmNvbSUyRm1hcHMlMkZlbWJlZCUzRnBiJTNEJTIxMW0xNCUyMTFtOCUyMTFtMyUyMTFkNzUyLjUzODE5ODY1NjU0NjMlMjEyZDI4LjkwNzQ5JTIxM2Q0MS4wMjE5MTMlMjEzbTIlMjExaTEwMjQlMjEyaTc2OCUyMTRmMTMuMSUyMTNtMyUyMTFtMiUyMTFzMHgxNGI1NWRiNzliM2FmZjJkJTI1M0EweGMwMWE5ZmUyZTRmMDE1NDIlMjEyc0thcmFjYSUyNTIwS29uZi4lMjUyMEFrcy4lMjUyMFNhbi4lMjUyMHZlJTI1MjBUaWMuJTI1MjBMdGQuJTI1MjAlMjVDNSUyNTlFdGkuJTI1MjAtJTI1MjBLYXJhY2ElMjUyMEJ1dHRvbiUyNTIwJTI1MkYlMjUyMFllbGtlbiUyNTIwS2FuY2ElMjE1ZTAlMjEzbTIlMjExc3RyJTIxMnN0ciUyMTR2MTY3NzUxMjgzOTA1OSUyMTVtMiUyMTFzdHIlMjEyc3RyJTIyJTIwd2lkdGglM0QlMjI2MDAlMjIlMjBoZWlnaHQlM0QlMjI0NTAlMjIlMjBzdHlsZSUzRCUyMmJvcmRlciUzQTAlM0IlMjIlMjBhbGxvd2Z1bGxzY3JlZW4lM0QlMjIlMjIlMjBsb2FkaW5nJTNEJTIybGF6eSUyMiUyMHJlZmVycmVycG9saWN5JTNEJTIybm8tcmVmZXJyZXItd2hlbi1kb3duZ3JhZGUlMjIlM0UlM0MlMkZpZnJhbWUlM0U=&#8221;][\/vc_column][\/vc_row]","og_url":"https:\/\/karacabutton.com\/en\/contact-us\/","og_site_name":"Karaca Button","article_modified_time":"2025-10-30T09:40:08+00:00","twitter_card":"summary_large_image","twitter_misc":{"Est. reading time":"1 minute"},"schema":{"@context":"https:\/\/schema.org","@graph":[{"@type":"WebPage","@id":"https:\/\/karacabutton.com\/en\/contact-us\/","url":"https:\/\/karacabutton.com\/en\/contact-us\/","name":"Contact Us - Karaca Button","isPartOf":{"@id":"https:\/\/karacabutton.com\/#website"},"datePublished":"2023-01-09T21:24:55+00:00","dateModified":"2025-10-30T09:40:08+00:00","breadcrumb":{"@id":"https:\/\/karacabutton.com\/en\/contact-us\/#breadcrumb"},"inLanguage":"en-US","potentialAction":[{"@type":"ReadAction","target":["https:\/\/karacabutton.com\/en\/contact-us\/"]}]},{"@type":"BreadcrumbList","@id":"https:\/\/karacabutton.com\/en\/contact-us\/#breadcrumb","itemListElement":[{"@type":"ListItem","position":1,"name":"Anasayfa","item":"https:\/\/karacabutton.com\/en\/"},{"@type":"ListItem","position":2,"name":"Contact Us"}]},{"@type":"WebSite","@id":"https:\/\/karacabutton.com\/#website","url":"https:\/\/karacabutton.com\/","name":"Karaca Button","description":"Unifying Solutions","potentialAction":[{"@type":"SearchAction","target":{"@type":"EntryPoint","urlTemplate":"https:\/\/karacabutton.com\/?s={search_term_string}"},"query-input":{"@type":"PropertyValueSpecification","valueRequired":true,"valueName":"search_term_string"}}],"inLanguage":"en-US"}]}},"_links":{"self":[{"href":"https:\/\/karacabutton.com\/en\/wp-json\/wp\/v2\/pages\/1670","targetHints":{"allow":["GET"]}}],"collection":[{"href":"https:\/\/karacabutton.com\/en\/wp-json\/wp\/v2\/pages"}],"about":[{"href":"https:\/\/karacabutton.com\/en\/wp-json\/wp\/v2\/types\/page"}],"author":[{"embeddable":true,"href":"https:\/\/karacabutton.com\/en\/wp-json\/wp\/v2\/users\/1"}],"replies":[{"embeddable":true,"href":"https:\/\/karacabutton.com\/en\/wp-json\/wp\/v2\/comments?post=1670"}],"version-history":[{"count":4,"href":"https:\/\/karacabutton.com\/en\/wp-json\/wp\/v2\/pages\/1670\/revisions"}],"predecessor-version":[{"id":1786,"href":"https:\/\/karacabutton.com\/en\/wp-json\/wp\/v2\/pages\/1670\/revisions\/1786"}],"wp:attachment":[{"href":"https:\/\/karacabutton.com\/en\/wp-json\/wp\/v2\/media?parent=1670"}],"curies":[{"name":"wp","href":"https:\/\/api.w.org\/{rel}","templated":true}]}}